{"id":21256,"date":"2024-11-28T12:32:55","date_gmt":"2024-11-28T11:32:55","guid":{"rendered":"https:\/\/www.dp-motorsport.de\/produkt\/aluminum-strut-dome-for-porsche-911-rsr\/"},"modified":"2024-11-28T12:32:55","modified_gmt":"2024-11-28T11:32:55","slug":"aluminum-strut-dome-for-porsche-911-rsr","status":"publish","type":"product","link":"https:\/\/www.dp-motorsport.de\/en\/produkt\/aluminum-strut-dome-for-porsche-911-rsr\/","title":{"rendered":"Aluminum-Strut Dome for Porsche 911 RSR"},"content":{"rendered":"<p>Strut dome made of black anodized aluminum.<\/p>\n<p>Long version for the rear to impede that the spring grinds.<\/p>\n<p>Suitable for all coil overs with motorsport springs (60mm inner diameter)<\/p>\n<p>Preis pro St\u00fcck. Es werden jeweils 2 St\u00fcck f\u00fcr ein Fahrzeug ben\u00f6tigt.<br \/>\nUnit price. 2 pieces are needed for a car.<\/p>\n","protected":false},"excerpt":{"rendered":"<p>Strut dome made of black anodized aluminum. Long version for the rear to impede that the spring grinds. Suitable for all coil overs with motorsport springs (60mm inner diameter) Preis pro St\u00fcck. Es werden jeweils 2 St\u00fcck f\u00fcr ein Fahrzeug ben\u00f6tigt. Unit price. 2 pieces are needed for a car.<\/p>\n","protected":false},"featured_media":21255,"comment_status":"closed","ping_status":"closed","template":"","meta":{"_acf_changed":false},"product_brand":[],"product_cat":[587,594],"product_tag":[],"class_list":{"0":"post-21256","1":"product","2":"type-product","3":"status-publish","4":"has-post-thumbnail","6":"product_cat-chassis","7":"product_cat-chassis-en","9":"first","10":"instock","11":"taxable","12":"shipping-taxable","13":"purchasable","14":"product-type-variable"},"acf":[],"aioseo_notices":[],"_links":{"self":[{"href":"https:\/\/www.dp-motorsport.de\/en\/wp-json\/wp\/v2\/product\/21256","targetHints":{"allow":["GET"]}}],"collection":[{"href":"https:\/\/www.dp-motorsport.de\/en\/wp-json\/wp\/v2\/product"}],"about":[{"href":"https:\/\/www.dp-motorsport.de\/en\/wp-json\/wp\/v2\/types\/product"}],"replies":[{"embeddable":true,"href":"https:\/\/www.dp-motorsport.de\/en\/wp-json\/wp\/v2\/comments?post=21256"}],"wp:featuredmedia":[{"embeddable":true,"href":"https:\/\/www.dp-motorsport.de\/en\/wp-json\/wp\/v2\/media\/21255"}],"wp:attachment":[{"href":"https:\/\/www.dp-motorsport.de\/en\/wp-json\/wp\/v2\/media?parent=21256"}],"wp:term":[{"taxonomy":"product_brand","embeddable":true,"href":"https:\/\/www.dp-motorsport.de\/en\/wp-json\/wp\/v2\/product_brand?post=21256"},{"taxonomy":"product_cat","embeddable":true,"href":"https:\/\/www.dp-motorsport.de\/en\/wp-json\/wp\/v2\/product_cat?post=21256"},{"taxonomy":"product_tag","embeddable":true,"href":"https:\/\/www.dp-motorsport.de\/en\/wp-json\/wp\/v2\/product_tag?post=21256"}],"curies":[{"name":"wp","href":"https:\/\/api.w.org\/{rel}","templated":true}]}}